{"id":115,"date":"2022-07-27T20:44:41","date_gmt":"2022-07-27T20:44:41","guid":{"rendered":"https:\/\/pokojstudenta.waw.pl\/?page_id=115"},"modified":"2024-12-09T21:24:15","modified_gmt":"2024-12-09T21:24:15","slug":"faq","status":"publish","type":"page","link":"https:\/\/pokojstudenta.waw.pl\/?page_id=115","title":{"rendered":"FAQ"},"content":{"rendered":"\n<p><em>Najcz\u0119\u015bciej zadawane pytania<\/em><\/p>\n\n\n\n<p><strong>Jakich uczelni studenci mog\u0105 stara\u0107 si\u0119 o miejsca w Pokoju Studenta Wawa?<\/strong><br><em>Studenci wszystkich uczelni mog\u0105 stara\u0107\u00a0si\u0119 o miejsca w naszym prywatnym akademiku. Prosz\u0119 wybra\u0107 lokalizacj\u0119, kt\u00f3re odpowiada standardem lub odleg\u0142o\u015bci\u0105\u00a0do uczelni. <\/em><\/p>\n\n\n\n<p><strong>Czy musz\u0119&nbsp;przyjecha\u0107 na miejsce aby podpisa\u0107 umow\u0119? <\/strong><br><em>Nie ma konieczno\u015bci przyjazdu na miejsce. Umow\u0119 mo\u017cna podpisa\u0107 korespondencyjnie. Po kontakcie z nami przygotujemy dla Pa\u0144stwa umow\u0119, kt\u00f3r\u0105 nast\u0119pnie wy\u015bl\u0105 Pa\u0144stwo poczt\u0105. Je\u015bli chc\u0105 Pa\u0144stwo zawrze\u0107 umow\u0119 na odleg\u0142o\u015b\u0107 prosimy o kontakt mailowy.<\/em><\/p>\n\n\n\n<p><strong>Czy obowi\u0105zuj\u0105 ograniczone godziny, w kt\u00f3rych mo\u017cna wej\u015b\u0107 do budynku? <\/strong><br><em>Nie. Do budynku wchodzi si\u0119 za pomoc\u0105 kodu. Mog\u0105 Pa\u0144stwo wej\u015b\u0107 o ka\u017cdej porze, jednak nale\u017cy mie\u0107 na uwadze cisz\u0119 nocn\u0105.<\/em> <\/p>\n\n\n\n<p><strong>Do kiedy mog\u0119 zarezerwowa\u0107&nbsp;miejsce w pokoju? <\/strong><br><em>Miejsca w naszych mieszkaniach ko\u0144cz\u0105 si\u0119 zazwyczaj w po\u0142owie&nbsp;sierpnia. Jednak dost\u0119pno\u015b\u0107 zale\u017cy od ilo\u015bci student\u00f3w w danym roku. Gdy miejsca si\u0119&nbsp;sko\u0144cz\u0105 prowadzimy list\u0119 rezerwow\u0105. <\/em><\/p>\n\n\n\n<p><strong>Czy mog\u0119 zarezerwowa\u0107 miejsce je\u015bli przyje\u017cd\u017cam na wymian\u0119 Erasmus? <\/strong><br><em>Tak, co do zasady wynajmujemy miejsca dla student\u00f3w przyje\u017cd\u017caj\u0105cych w drugim semestrze w zale\u017cno\u015bci od wolnych miejsc.<\/em> <\/p>\n\n\n\n<p><strong>Czy musz\u0119 wcze\u015bniej um\u00f3wi\u0107 si\u0119, aby obejrze\u0107 pok\u00f3j? <\/strong><br><em>Tak, prosimy o wcze\u015bniejszy kontakt w celu um\u00f3wienia spotkania. Niestety nie przebywamy na budynkach ca\u0142y czas, dlatego je\u015bli przyjd\u0105 Pa\u0144stwo bez zapowiedzi mo\u017cemy nie by\u0107 w stanie podjecha\u0107. <\/em><\/p>\n\n\n\n<p><strong>Co musz\u0119 ze sob\u0105 zabra\u0107 do mieszkania?<\/strong> <br><em>Zalecamy aby zabrali Pa\u0144stwo przede wszystko prze\u015bcierad\u0142o, po\u015bciel, poszewki, sztu\u0107ce, talerze, garnek, patelni\u0119, 1 sztuk\u0119 work\u00f3w na \u015bmieci.<\/em><\/p>\n\n\n\n<p><strong>Kiedy b\u0119d\u0119 musia\u0142 zap\u0142aci\u0107 za najem?<\/strong> <br><em>Na pocz\u0105tku musz\u0119 Pa\u0144stwo wp\u0142aci\u0107 kaucj\u0119 oraz pierwszy czynsz przed odebraniem kluczy. Nast\u0119pnie ka\u017cdy czynsz musi zosta\u0107 zap\u0142acony z g\u00f3ry do 10 dnia miesi\u0105ca. <\/em><\/p>\n\n\n\n<p><strong>Czy do pokoju dwuosobowe musz\u0119&nbsp;znale\u017a\u0107 samodzielnie wsp\u00f3\u0142lokatora, czy zostanie mi on dobrany? <\/strong><br><em>Umo\u017cliwiamy wprowadzenie si\u0119 do pokoju z wybranym przez Pa\u0144stwa wsp\u00f3\u0142lokatora je\u015bli np. dwie osoby na raz podpisuj\u0105 umow\u0119 i chc\u0105 by\u0107 razem w pokoju. Jednak nie jest to konieczne. Mo\u017cna podpisa\u0107 umow\u0119 na jedno miejsce w pokoju, a wtedy my dobierzemy Pa\u0144stwu lokatora (nie obowi\u0105zuj\u0119&nbsp;to na wynajem wakacyjny). <\/em><\/p>\n\n\n\n<p><strong>Czy je\u015bli przebywam za granic\u0105 to mog\u0119 dokona\u0107 rezerwacji w akademiku? <\/strong><br><em>Tak umo\u017cliwiamy podpisanie umowy dla najemc\u00f3w ca\u0142kowicie zdalnie. <\/em><\/p>\n","protected":false},"excerpt":{"rendered":"<p>Najcz\u0119\u015bciej zadawane pytania Jakich uczelni studenci mog\u0105 stara\u0107 si\u0119 o miejsca w Pokoju Studenta Wawa?Studenci wszystkich uczelni mog\u0105 stara\u0107\u00a0si\u0119 o miejsca w naszym prywatnym akademiku. Prosz\u0119 wybra\u0107 lokalizacj\u0119, kt\u00f3re odpowiada standardem lub odleg\u0142o\u015bci\u0105\u00a0do uczelni. Czy musz\u0119&nbsp;przyjecha\u0107 na miejsce aby podpisa\u0107 umow\u0119? Nie ma konieczno\u015bci przyjazdu na miejsce. Umow\u0119 mo\u017cna podpisa\u0107 korespondencyjnie. Po kontakcie z nami &hellip; <\/p>\n<p class=\"link-more\"><a href=\"https:\/\/pokojstudenta.waw.pl\/?page_id=115\" class=\"more-link\">Czytaj dalej<span class=\"screen-reader-text\"> \u201eFAQ\u201d<\/span><\/a><\/p>\n","protected":false},"author":1,"featured_media":0,"parent":0,"menu_order":0,"comment_status":"closed","ping_status":"closed","template":"","meta":{"footnotes":""},"class_list":["post-115","page","type-page","status-publish","hentry"],"yoast_head":"<!-- This site is optimized with the Yoast SEO plugin v27.0 - https:\/\/yoast.com\/product\/yoast-seo-wordpress\/ -->\n<title>FAQ - AKADEMIK WARSZAWA Pok&oacute;j dla Studenta w Mieszkaniu Studenckim<\/title>\n<meta name=\"description\" content=\"Jakich uczelni studenci mog\u0105 stara\u0107 si\u0119 o miejsca w Pokoju Studenta Wawa? Studenci wszystkich uczelni mog\u0105 stara\u0107\u00a0si\u0119 o miejsca w naszym prywatnym akademiku. Prosz\u0119 wybra\u0107 lokalizacj\u0119, kt\u00f3re odpowiada standardem lub odleg\u0142o\u015bci\u0105\u00a0do uczelni.\" \/>\n<meta name=\"robots\" content=\"index, follow, max-snippet:-1, max-image-preview:large, max-video-preview:-1\" \/>\n<link rel=\"canonical\" href=\"https:\/\/pokojstudenta.waw.pl\/?page_id=115\" \/>\n<meta property=\"og:locale\" content=\"pl_PL\" \/>\n<meta property=\"og:type\" content=\"article\" \/>\n<meta property=\"og:title\" content=\"FAQ - AKADEMIK WARSZAWA Pok&oacute;j dla Studenta w Mieszkaniu Studenckim\" \/>\n<meta property=\"og:description\" content=\"Jakich uczelni studenci mog\u0105 stara\u0107 si\u0119 o miejsca w Pokoju Studenta Wawa? Studenci wszystkich uczelni mog\u0105 stara\u0107\u00a0si\u0119 o miejsca w naszym prywatnym akademiku. Prosz\u0119 wybra\u0107 lokalizacj\u0119, kt\u00f3re odpowiada standardem lub odleg\u0142o\u015bci\u0105\u00a0do uczelni.\" \/>\n<meta property=\"og:url\" content=\"https:\/\/pokojstudenta.waw.pl\/?page_id=115\" \/>\n<meta property=\"og:site_name\" content=\"AKADEMIK WARSZAWA Pok&oacute;j dla Studenta w Mieszkaniu Studenckim\" \/>\n<meta property=\"article:publisher\" content=\"https:\/\/www.facebook.com\/profile.php?id=61570164965367\" \/>\n<meta property=\"article:modified_time\" content=\"2024-12-09T21:24:15+00:00\" \/>\n<meta name=\"twitter:card\" content=\"summary_large_image\" \/>\n<meta name=\"twitter:label1\" content=\"Szacowany czas czytania\" \/>\n\t<meta name=\"twitter:data1\" content=\"3 minuty\" \/>\n<script type=\"application\/ld+json\" class=\"yoast-schema-graph\">{\"@context\":\"https:\/\/schema.org\",\"@graph\":[{\"@type\":\"WebPage\",\"@id\":\"https:\/\/pokojstudenta.waw.pl\/?page_id=115\",\"url\":\"https:\/\/pokojstudenta.waw.pl\/?page_id=115\",\"name\":\"FAQ - AKADEMIK WARSZAWA Pok&oacute;j dla Studenta w Mieszkaniu Studenckim\",\"isPartOf\":{\"@id\":\"https:\/\/pokojstudenta.waw.pl\/#website\"},\"datePublished\":\"2022-07-27T20:44:41+00:00\",\"dateModified\":\"2024-12-09T21:24:15+00:00\",\"description\":\"Jakich uczelni studenci mog\u0105 stara\u0107 si\u0119 o miejsca w Pokoju Studenta Wawa? Studenci wszystkich uczelni mog\u0105 stara\u0107\u00a0si\u0119 o miejsca w naszym prywatnym akademiku. Prosz\u0119 wybra\u0107 lokalizacj\u0119, kt\u00f3re odpowiada standardem lub odleg\u0142o\u015bci\u0105\u00a0do uczelni.\",\"breadcrumb\":{\"@id\":\"https:\/\/pokojstudenta.waw.pl\/?page_id=115#breadcrumb\"},\"inLanguage\":\"pl-PL\",\"potentialAction\":[{\"@type\":\"ReadAction\",\"target\":[\"https:\/\/pokojstudenta.waw.pl\/?page_id=115\"]}]},{\"@type\":\"BreadcrumbList\",\"@id\":\"https:\/\/pokojstudenta.waw.pl\/?page_id=115#breadcrumb\",\"itemListElement\":[{\"@type\":\"ListItem\",\"position\":1,\"name\":\"Strona g\u0142\u00f3wna\",\"item\":\"https:\/\/pokojstudenta.waw.pl\/\"},{\"@type\":\"ListItem\",\"position\":2,\"name\":\"FAQ\"}]},{\"@type\":\"WebSite\",\"@id\":\"https:\/\/pokojstudenta.waw.pl\/#website\",\"url\":\"https:\/\/pokojstudenta.waw.pl\/\",\"name\":\"AKADEMIK WARSZAWA Pok\u00f3j dla Studenta w Mieszkaniu Studenckim\",\"description\":\"Super Dom Studenta Warszawa, Najlepsza Stancja, Tanie Pokoje na Wynajem\",\"publisher\":{\"@id\":\"https:\/\/pokojstudenta.waw.pl\/#organization\"},\"potentialAction\":[{\"@type\":\"SearchAction\",\"target\":{\"@type\":\"EntryPoint\",\"urlTemplate\":\"https:\/\/pokojstudenta.waw.pl\/?s={search_term_string}\"},\"query-input\":{\"@type\":\"PropertyValueSpecification\",\"valueRequired\":true,\"valueName\":\"search_term_string\"}}],\"inLanguage\":\"pl-PL\"},{\"@type\":\"Organization\",\"@id\":\"https:\/\/pokojstudenta.waw.pl\/#organization\",\"name\":\"AKADEMIK WARSZAWA Pok\u00f3j dla Studenta w Mieszkaniu Studenckim\",\"url\":\"https:\/\/pokojstudenta.waw.pl\/\",\"logo\":{\"@type\":\"ImageObject\",\"inLanguage\":\"pl-PL\",\"@id\":\"https:\/\/pokojstudenta.waw.pl\/#\/schema\/logo\/image\/\",\"url\":\"https:\/\/pokojstudenta.waw.pl\/wp-content\/uploads\/2022\/07\/cropped-pokoj-studenta.png\",\"contentUrl\":\"https:\/\/pokojstudenta.waw.pl\/wp-content\/uploads\/2022\/07\/cropped-pokoj-studenta.png\",\"width\":285,\"height\":250,\"caption\":\"AKADEMIK WARSZAWA Pok\u00f3j dla Studenta w Mieszkaniu Studenckim\"},\"image\":{\"@id\":\"https:\/\/pokojstudenta.waw.pl\/#\/schema\/logo\/image\/\"},\"sameAs\":[\"https:\/\/www.facebook.com\/profile.php?id=61570164965367\"]}]}<\/script>\n<!-- \/ Yoast SEO plugin. -->","yoast_head_json":{"title":"FAQ - AKADEMIK WARSZAWA Pok&oacute;j dla Studenta w Mieszkaniu Studenckim","description":"Jakich uczelni studenci mog\u0105 stara\u0107 si\u0119 o miejsca w Pokoju Studenta Wawa? Studenci wszystkich uczelni mog\u0105 stara\u0107\u00a0si\u0119 o miejsca w naszym prywatnym akademiku. Prosz\u0119 wybra\u0107 lokalizacj\u0119, kt\u00f3re odpowiada standardem lub odleg\u0142o\u015bci\u0105\u00a0do uczelni.","robots":{"index":"index","follow":"follow","max-snippet":"max-snippet:-1","max-image-preview":"max-image-preview:large","max-video-preview":"max-video-preview:-1"},"canonical":"https:\/\/pokojstudenta.waw.pl\/?page_id=115","og_locale":"pl_PL","og_type":"article","og_title":"FAQ - AKADEMIK WARSZAWA Pok&oacute;j dla Studenta w Mieszkaniu Studenckim","og_description":"Jakich uczelni studenci mog\u0105 stara\u0107 si\u0119 o miejsca w Pokoju Studenta Wawa? Studenci wszystkich uczelni mog\u0105 stara\u0107\u00a0si\u0119 o miejsca w naszym prywatnym akademiku. Prosz\u0119 wybra\u0107 lokalizacj\u0119, kt\u00f3re odpowiada standardem lub odleg\u0142o\u015bci\u0105\u00a0do uczelni.","og_url":"https:\/\/pokojstudenta.waw.pl\/?page_id=115","og_site_name":"AKADEMIK WARSZAWA Pok&oacute;j dla Studenta w Mieszkaniu Studenckim","article_publisher":"https:\/\/www.facebook.com\/profile.php?id=61570164965367","article_modified_time":"2024-12-09T21:24:15+00:00","twitter_card":"summary_large_image","twitter_misc":{"Szacowany czas czytania":"3 minuty"},"schema":{"@context":"https:\/\/schema.org","@graph":[{"@type":"WebPage","@id":"https:\/\/pokojstudenta.waw.pl\/?page_id=115","url":"https:\/\/pokojstudenta.waw.pl\/?page_id=115","name":"FAQ - AKADEMIK WARSZAWA Pok&oacute;j dla Studenta w Mieszkaniu Studenckim","isPartOf":{"@id":"https:\/\/pokojstudenta.waw.pl\/#website"},"datePublished":"2022-07-27T20:44:41+00:00","dateModified":"2024-12-09T21:24:15+00:00","description":"Jakich uczelni studenci mog\u0105 stara\u0107 si\u0119 o miejsca w Pokoju Studenta Wawa? Studenci wszystkich uczelni mog\u0105 stara\u0107\u00a0si\u0119 o miejsca w naszym prywatnym akademiku. Prosz\u0119 wybra\u0107 lokalizacj\u0119, kt\u00f3re odpowiada standardem lub odleg\u0142o\u015bci\u0105\u00a0do uczelni.","breadcrumb":{"@id":"https:\/\/pokojstudenta.waw.pl\/?page_id=115#breadcrumb"},"inLanguage":"pl-PL","potentialAction":[{"@type":"ReadAction","target":["https:\/\/pokojstudenta.waw.pl\/?page_id=115"]}]},{"@type":"BreadcrumbList","@id":"https:\/\/pokojstudenta.waw.pl\/?page_id=115#breadcrumb","itemListElement":[{"@type":"ListItem","position":1,"name":"Strona g\u0142\u00f3wna","item":"https:\/\/pokojstudenta.waw.pl\/"},{"@type":"ListItem","position":2,"name":"FAQ"}]},{"@type":"WebSite","@id":"https:\/\/pokojstudenta.waw.pl\/#website","url":"https:\/\/pokojstudenta.waw.pl\/","name":"AKADEMIK WARSZAWA Pok\u00f3j dla Studenta w Mieszkaniu Studenckim","description":"Super Dom Studenta Warszawa, Najlepsza Stancja, Tanie Pokoje na Wynajem","publisher":{"@id":"https:\/\/pokojstudenta.waw.pl\/#organization"},"potentialAction":[{"@type":"SearchAction","target":{"@type":"EntryPoint","urlTemplate":"https:\/\/pokojstudenta.waw.pl\/?s={search_term_string}"},"query-input":{"@type":"PropertyValueSpecification","valueRequired":true,"valueName":"search_term_string"}}],"inLanguage":"pl-PL"},{"@type":"Organization","@id":"https:\/\/pokojstudenta.waw.pl\/#organization","name":"AKADEMIK WARSZAWA Pok\u00f3j dla Studenta w Mieszkaniu Studenckim","url":"https:\/\/pokojstudenta.waw.pl\/","logo":{"@type":"ImageObject","inLanguage":"pl-PL","@id":"https:\/\/pokojstudenta.waw.pl\/#\/schema\/logo\/image\/","url":"https:\/\/pokojstudenta.waw.pl\/wp-content\/uploads\/2022\/07\/cropped-pokoj-studenta.png","contentUrl":"https:\/\/pokojstudenta.waw.pl\/wp-content\/uploads\/2022\/07\/cropped-pokoj-studenta.png","width":285,"height":250,"caption":"AKADEMIK WARSZAWA Pok\u00f3j dla Studenta w Mieszkaniu Studenckim"},"image":{"@id":"https:\/\/pokojstudenta.waw.pl\/#\/schema\/logo\/image\/"},"sameAs":["https:\/\/www.facebook.com\/profile.php?id=61570164965367"]}]}},"_links":{"self":[{"href":"https:\/\/pokojstudenta.waw.pl\/index.php?rest_route=\/wp\/v2\/pages\/115","targetHints":{"allow":["GET"]}}],"collection":[{"href":"https:\/\/pokojstudenta.waw.pl\/index.php?rest_route=\/wp\/v2\/pages"}],"about":[{"href":"https:\/\/pokojstudenta.waw.pl\/index.php?rest_route=\/wp\/v2\/types\/page"}],"author":[{"embeddable":true,"href":"https:\/\/pokojstudenta.waw.pl\/index.php?rest_route=\/wp\/v2\/users\/1"}],"replies":[{"embeddable":true,"href":"https:\/\/pokojstudenta.waw.pl\/index.php?rest_route=%2Fwp%2Fv2%2Fcomments&post=115"}],"version-history":[{"count":6,"href":"https:\/\/pokojstudenta.waw.pl\/index.php?rest_route=\/wp\/v2\/pages\/115\/revisions"}],"predecessor-version":[{"id":493,"href":"https:\/\/pokojstudenta.waw.pl\/index.php?rest_route=\/wp\/v2\/pages\/115\/revisions\/493"}],"wp:attachment":[{"href":"https:\/\/pokojstudenta.waw.pl\/index.php?rest_route=%2Fwp%2Fv2%2Fmedia&parent=115"}],"curies":[{"name":"wp","href":"https:\/\/api.w.org\/{rel}","templated":true}]}}