{"id":64,"date":"2022-07-27T19:18:07","date_gmt":"2022-07-27T19:18:07","guid":{"rendered":"https:\/\/pokojstudenta.waw.pl\/?page_id=64"},"modified":"2026-02-27T13:17:39","modified_gmt":"2026-02-27T13:17:39","slug":"akademik","status":"publish","type":"page","link":"https:\/\/pokojstudenta.waw.pl\/","title":{"rendered":"DOMY STUDENCKIE"},"content":{"rendered":"\n<p>Szukasz pokoju do wynaj\u0119cia w Warszawie i jeste\u015b studentem? Dobrze trafi\u0142e\u015b \ud83d\ude42 Poznaj nasz\u0105 baz\u0119&nbsp;prywatnych dom\u00f3w studenta. Znajd\u0105 u nas Pa\u0144stwo <strong>pokoje na wynajem<\/strong> <strong>wy\u0142\u0105cznie dla student\u00f3w<\/strong> w korzystnych wariantach cenowych i dogodnych lokalizacjach blisko centrum. Nasz prywatny akademik w Warszawie spe\u0142nia wszystkie potrzeby m\u0142odych os\u00f3b w czasie studi\u00f3w.<\/p>\n\n\n\n<p>W Warszawie oferujemy pokoje w poni\u017cszych lokalizacjach<\/p>\n\n\n\n<p><strong><a href=\"https:\/\/pokojstudenta.waw.pl\/?page_id=353\">Stalowa 58<\/a><\/strong> przy stacji Metra M2 &#8222;Szwedzka&#8221; &#8211; trzy pi\u0119trowy akademik w ekonomicznym wariancie cenowym<\/p>\n\n\n\n<p><a href=\"https:\/\/pokojstudenta.waw.pl\/?page_id=361\"><strong>Kwitn\u0105cego Sadu 6<\/strong> <\/a>przy parku Szcz\u0119\u015bliwickim &#8211; kameralny akademik w du\u017cym domu studenckim przy parku <\/p>\n\n\n\n<p><strong><a href=\"https:\/\/pokojstudenta.waw.pl\/?page_id=372\">Jaros\u0142awska 2<\/a><\/strong> przy stacji Metra M2 &#8222;Br\u00f3dno&#8221; &#8211; otwarty w 2025 roku <\/p>\n\n\n\n<p>W ka\u017cdym obiekcie wynajmujemy pokoje jednoosobowe oraz miejsca w pokojach dwuosobowych.<\/p>\n\n\n\n<p>Zapraszamy do kontaktu telefonicznego lub mailowego.  <\/p>\n\n\n\n<p>Osoby zainteresowane ogl\u0105daniem pokoju w prywatnym akademiku prosimy o wcze\u015bniejszy kontakt w celu uzgodnienia spotkania.<\/p>\n\n\n\n<p>Z Pokojem Studenta Wawa formalno\u015bci zwi\u0105zane z najmem zajmuj\u0105 oko\u0142o 2 dni roboczych i zyskuj\u0105 Pa\u0144stwo pewne miejsce do mieszkania na studiach bez prowizji. <\/p>\n\n\n\n<p>Zapraszamy student\u00f3w stacjonarnych i niestacjonarnych wszystkich kierunk\u00f3w studi\u00f3w. <\/p>\n","protected":false},"excerpt":{"rendered":"<p>Szukasz pokoju do wynaj\u0119cia w Warszawie i jeste\u015b studentem? Dobrze trafi\u0142e\u015b \ud83d\ude42 Poznaj nasz\u0105 baz\u0119&nbsp;prywatnych dom\u00f3w studenta. Znajd\u0105 u nas Pa\u0144stwo pokoje na wynajem wy\u0142\u0105cznie dla student\u00f3w w korzystnych wariantach cenowych i dogodnych lokalizacjach blisko centrum. Nasz prywatny akademik w Warszawie spe\u0142nia wszystkie potrzeby m\u0142odych os\u00f3b w czasie studi\u00f3w. W Warszawie oferujemy pokoje w poni\u017cszych &hellip; <\/p>\n<p class=\"link-more\"><a href=\"https:\/\/pokojstudenta.waw.pl\/\" class=\"more-link\">Czytaj dalej<span class=\"screen-reader-text\"> \u201eDOMY STUDENCKIE\u201d<\/span><\/a><\/p>\n","protected":false},"author":1,"featured_media":0,"parent":0,"menu_order":0,"comment_status":"closed","ping_status":"closed","template":"","meta":{"footnotes":""},"class_list":["post-64","page","type-page","status-publish","hentry"],"yoast_head":"<!-- This site is optimized with the Yoast SEO plugin v27.0 - https:\/\/yoast.com\/product\/yoast-seo-wordpress\/ -->\n<title>DOMY STUDENCKIE - AKADEMIK WARSZAWA Pok&oacute;j dla Studenta w Mieszkaniu Studenckim<\/title>\n<meta name=\"description\" content=\"Pokoje do wynaj\u0119cia w prywatnym akademik w Warszawie dla student\u00f3w. Niskie ceny, komfort ekonomiczny i doskona\u0142a lokalizacja blisko metra. Idealne warunki do studenckiego \u017cycia.\" \/>\n<meta name=\"robots\" content=\"index, follow, max-snippet:-1, max-image-preview:large, max-video-preview:-1\" \/>\n<link rel=\"canonical\" href=\"https:\/\/pokojstudenta.waw.pl\/\" \/>\n<meta property=\"og:locale\" content=\"pl_PL\" \/>\n<meta property=\"og:type\" content=\"article\" \/>\n<meta property=\"og:title\" content=\"DOMY STUDENCKIE - AKADEMIK WARSZAWA Pok&oacute;j dla Studenta w Mieszkaniu Studenckim\" \/>\n<meta property=\"og:description\" content=\"Pokoje do wynaj\u0119cia w prywatnym akademik w Warszawie dla student\u00f3w. Niskie ceny, komfort ekonomiczny i doskona\u0142a lokalizacja blisko metra. Idealne warunki do studenckiego \u017cycia.\" \/>\n<meta property=\"og:url\" content=\"https:\/\/pokojstudenta.waw.pl\/\" \/>\n<meta property=\"og:site_name\" content=\"AKADEMIK WARSZAWA Pok&oacute;j dla Studenta w Mieszkaniu Studenckim\" \/>\n<meta property=\"article:publisher\" content=\"https:\/\/www.facebook.com\/profile.php?id=61570164965367\" \/>\n<meta property=\"article:modified_time\" content=\"2026-02-27T13:17:39+00:00\" \/>\n<meta name=\"twitter:card\" content=\"summary_large_image\" \/>\n<meta name=\"twitter:label1\" content=\"Szacowany czas czytania\" \/>\n\t<meta name=\"twitter:data1\" content=\"1 minuta\" \/>\n<script type=\"application\/ld+json\" class=\"yoast-schema-graph\">{\"@context\":\"https:\/\/schema.org\",\"@graph\":[{\"@type\":\"WebPage\",\"@id\":\"https:\/\/pokojstudenta.waw.pl\/\",\"url\":\"https:\/\/pokojstudenta.waw.pl\/\",\"name\":\"DOMY STUDENCKIE - AKADEMIK WARSZAWA Pok&oacute;j dla Studenta w Mieszkaniu Studenckim\",\"isPartOf\":{\"@id\":\"https:\/\/pokojstudenta.waw.pl\/#website\"},\"datePublished\":\"2022-07-27T19:18:07+00:00\",\"dateModified\":\"2026-02-27T13:17:39+00:00\",\"description\":\"Pokoje do wynaj\u0119cia w prywatnym akademik w Warszawie dla student\u00f3w. Niskie ceny, komfort ekonomiczny i doskona\u0142a lokalizacja blisko metra. Idealne warunki do studenckiego \u017cycia.\",\"breadcrumb\":{\"@id\":\"https:\/\/pokojstudenta.waw.pl\/#breadcrumb\"},\"inLanguage\":\"pl-PL\",\"potentialAction\":[{\"@type\":\"ReadAction\",\"target\":[\"https:\/\/pokojstudenta.waw.pl\/\"]}]},{\"@type\":\"BreadcrumbList\",\"@id\":\"https:\/\/pokojstudenta.waw.pl\/#breadcrumb\",\"itemListElement\":[{\"@type\":\"ListItem\",\"position\":1,\"name\":\"Strona g\u0142\u00f3wna\",\"item\":\"https:\/\/pokojstudenta.waw.pl\/\"},{\"@type\":\"ListItem\",\"position\":2,\"name\":\"DOMY STUDENCKIE\"}]},{\"@type\":\"WebSite\",\"@id\":\"https:\/\/pokojstudenta.waw.pl\/#website\",\"url\":\"https:\/\/pokojstudenta.waw.pl\/\",\"name\":\"AKADEMIK WARSZAWA Pok\u00f3j dla Studenta w Mieszkaniu Studenckim\",\"description\":\"Super Dom Studenta Warszawa, Najlepsza Stancja, Tanie Pokoje na Wynajem\",\"publisher\":{\"@id\":\"https:\/\/pokojstudenta.waw.pl\/#organization\"},\"potentialAction\":[{\"@type\":\"SearchAction\",\"target\":{\"@type\":\"EntryPoint\",\"urlTemplate\":\"https:\/\/pokojstudenta.waw.pl\/?s={search_term_string}\"},\"query-input\":{\"@type\":\"PropertyValueSpecification\",\"valueRequired\":true,\"valueName\":\"search_term_string\"}}],\"inLanguage\":\"pl-PL\"},{\"@type\":\"Organization\",\"@id\":\"https:\/\/pokojstudenta.waw.pl\/#organization\",\"name\":\"AKADEMIK WARSZAWA Pok\u00f3j dla Studenta w Mieszkaniu Studenckim\",\"url\":\"https:\/\/pokojstudenta.waw.pl\/\",\"logo\":{\"@type\":\"ImageObject\",\"inLanguage\":\"pl-PL\",\"@id\":\"https:\/\/pokojstudenta.waw.pl\/#\/schema\/logo\/image\/\",\"url\":\"https:\/\/pokojstudenta.waw.pl\/wp-content\/uploads\/2022\/07\/cropped-pokoj-studenta.png\",\"contentUrl\":\"https:\/\/pokojstudenta.waw.pl\/wp-content\/uploads\/2022\/07\/cropped-pokoj-studenta.png\",\"width\":285,\"height\":250,\"caption\":\"AKADEMIK WARSZAWA Pok\u00f3j dla Studenta w Mieszkaniu Studenckim\"},\"image\":{\"@id\":\"https:\/\/pokojstudenta.waw.pl\/#\/schema\/logo\/image\/\"},\"sameAs\":[\"https:\/\/www.facebook.com\/profile.php?id=61570164965367\"]}]}<\/script>\n<!-- \/ Yoast SEO plugin. -->","yoast_head_json":{"title":"DOMY STUDENCKIE - AKADEMIK WARSZAWA Pok&oacute;j dla Studenta w Mieszkaniu Studenckim","description":"Pokoje do wynaj\u0119cia w prywatnym akademik w Warszawie dla student\u00f3w. Niskie ceny, komfort ekonomiczny i doskona\u0142a lokalizacja blisko metra. Idealne warunki do studenckiego \u017cycia.","robots":{"index":"index","follow":"follow","max-snippet":"max-snippet:-1","max-image-preview":"max-image-preview:large","max-video-preview":"max-video-preview:-1"},"canonical":"https:\/\/pokojstudenta.waw.pl\/","og_locale":"pl_PL","og_type":"article","og_title":"DOMY STUDENCKIE - AKADEMIK WARSZAWA Pok&oacute;j dla Studenta w Mieszkaniu Studenckim","og_description":"Pokoje do wynaj\u0119cia w prywatnym akademik w Warszawie dla student\u00f3w. Niskie ceny, komfort ekonomiczny i doskona\u0142a lokalizacja blisko metra. Idealne warunki do studenckiego \u017cycia.","og_url":"https:\/\/pokojstudenta.waw.pl\/","og_site_name":"AKADEMIK WARSZAWA Pok&oacute;j dla Studenta w Mieszkaniu Studenckim","article_publisher":"https:\/\/www.facebook.com\/profile.php?id=61570164965367","article_modified_time":"2026-02-27T13:17:39+00:00","twitter_card":"summary_large_image","twitter_misc":{"Szacowany czas czytania":"1 minuta"},"schema":{"@context":"https:\/\/schema.org","@graph":[{"@type":"WebPage","@id":"https:\/\/pokojstudenta.waw.pl\/","url":"https:\/\/pokojstudenta.waw.pl\/","name":"DOMY STUDENCKIE - AKADEMIK WARSZAWA Pok&oacute;j dla Studenta w Mieszkaniu Studenckim","isPartOf":{"@id":"https:\/\/pokojstudenta.waw.pl\/#website"},"datePublished":"2022-07-27T19:18:07+00:00","dateModified":"2026-02-27T13:17:39+00:00","description":"Pokoje do wynaj\u0119cia w prywatnym akademik w Warszawie dla student\u00f3w. Niskie ceny, komfort ekonomiczny i doskona\u0142a lokalizacja blisko metra. Idealne warunki do studenckiego \u017cycia.","breadcrumb":{"@id":"https:\/\/pokojstudenta.waw.pl\/#breadcrumb"},"inLanguage":"pl-PL","potentialAction":[{"@type":"ReadAction","target":["https:\/\/pokojstudenta.waw.pl\/"]}]},{"@type":"BreadcrumbList","@id":"https:\/\/pokojstudenta.waw.pl\/#breadcrumb","itemListElement":[{"@type":"ListItem","position":1,"name":"Strona g\u0142\u00f3wna","item":"https:\/\/pokojstudenta.waw.pl\/"},{"@type":"ListItem","position":2,"name":"DOMY STUDENCKIE"}]},{"@type":"WebSite","@id":"https:\/\/pokojstudenta.waw.pl\/#website","url":"https:\/\/pokojstudenta.waw.pl\/","name":"AKADEMIK WARSZAWA Pok\u00f3j dla Studenta w Mieszkaniu Studenckim","description":"Super Dom Studenta Warszawa, Najlepsza Stancja, Tanie Pokoje na Wynajem","publisher":{"@id":"https:\/\/pokojstudenta.waw.pl\/#organization"},"potentialAction":[{"@type":"SearchAction","target":{"@type":"EntryPoint","urlTemplate":"https:\/\/pokojstudenta.waw.pl\/?s={search_term_string}"},"query-input":{"@type":"PropertyValueSpecification","valueRequired":true,"valueName":"search_term_string"}}],"inLanguage":"pl-PL"},{"@type":"Organization","@id":"https:\/\/pokojstudenta.waw.pl\/#organization","name":"AKADEMIK WARSZAWA Pok\u00f3j dla Studenta w Mieszkaniu Studenckim","url":"https:\/\/pokojstudenta.waw.pl\/","logo":{"@type":"ImageObject","inLanguage":"pl-PL","@id":"https:\/\/pokojstudenta.waw.pl\/#\/schema\/logo\/image\/","url":"https:\/\/pokojstudenta.waw.pl\/wp-content\/uploads\/2022\/07\/cropped-pokoj-studenta.png","contentUrl":"https:\/\/pokojstudenta.waw.pl\/wp-content\/uploads\/2022\/07\/cropped-pokoj-studenta.png","width":285,"height":250,"caption":"AKADEMIK WARSZAWA Pok\u00f3j dla Studenta w Mieszkaniu Studenckim"},"image":{"@id":"https:\/\/pokojstudenta.waw.pl\/#\/schema\/logo\/image\/"},"sameAs":["https:\/\/www.facebook.com\/profile.php?id=61570164965367"]}]}},"_links":{"self":[{"href":"https:\/\/pokojstudenta.waw.pl\/index.php?rest_route=\/wp\/v2\/pages\/64","targetHints":{"allow":["GET"]}}],"collection":[{"href":"https:\/\/pokojstudenta.waw.pl\/index.php?rest_route=\/wp\/v2\/pages"}],"about":[{"href":"https:\/\/pokojstudenta.waw.pl\/index.php?rest_route=\/wp\/v2\/types\/page"}],"author":[{"embeddable":true,"href":"https:\/\/pokojstudenta.waw.pl\/index.php?rest_route=\/wp\/v2\/users\/1"}],"replies":[{"embeddable":true,"href":"https:\/\/pokojstudenta.waw.pl\/index.php?rest_route=%2Fwp%2Fv2%2Fcomments&post=64"}],"version-history":[{"count":42,"href":"https:\/\/pokojstudenta.waw.pl\/index.php?rest_route=\/wp\/v2\/pages\/64\/revisions"}],"predecessor-version":[{"id":723,"href":"https:\/\/pokojstudenta.waw.pl\/index.php?rest_route=\/wp\/v2\/pages\/64\/revisions\/723"}],"wp:attachment":[{"href":"https:\/\/pokojstudenta.waw.pl\/index.php?rest_route=%2Fwp%2Fv2%2Fmedia&parent=64"}],"curies":[{"name":"wp","href":"https:\/\/api.w.org\/{rel}","templated":true}]}}